{"id":131,"date":"2017-08-19T20:12:08","date_gmt":"2017-08-19T20:12:08","guid":{"rendered":"http:\/\/www.hvegeler.de\/?page_id=131"},"modified":"2021-01-26T15:43:26","modified_gmt":"2021-01-26T15:43:26","slug":"gsp-lueftungstechnik-gmbh","status":"publish","type":"page","link":"http:\/\/www.hvegeler.de\/?page_id=131","title":{"rendered":"GSP L\u00fcftungstechnik"},"content":{"rendered":"<h2>GSP L\u00fcftungstechnik GmbH<\/h2>\n<p><img loading=\"lazy\" decoding=\"async\" class=\"size-medium wp-image-132 aligncenter\" src=\"http:\/\/www.hvegeler.de\/wp-content\/uploads\/2017\/08\/gsp-logo-rgb-300x146.jpg\" alt=\"\" width=\"300\" height=\"146\" srcset=\"http:\/\/www.hvegeler.de\/wp-content\/uploads\/2017\/08\/gsp-logo-rgb-300x146.jpg 300w, http:\/\/www.hvegeler.de\/wp-content\/uploads\/2017\/08\/gsp-logo-rgb-768x373.jpg 768w, http:\/\/www.hvegeler.de\/wp-content\/uploads\/2017\/08\/gsp-logo-rgb-1024x498.jpg 1024w\" sizes=\"auto, (max-width: 300px) 100vw, 300px\" \/><\/p>\n<p>Als Unternehmen f\u00fcr intelligente <strong>L\u00fcftungs- und Klimatechnik<\/strong> ist die 1998 gegr\u00fcndete GSP L\u00fcftungstechnik GmbH Ihr kompetenter Partner zur <strong>Fertigung von Luftleitelementen<\/strong> und <strong>Zubeh\u00f6r f\u00fcr l\u00fcftungs- und klimatechnische Anlagen<\/strong>. Wir fertigen <strong>Kan\u00e4le und Formteile<\/strong> sowie <strong>Anschlussk\u00e4sten<\/strong>, <strong>Dachdurchf\u00fchrungen<\/strong>, <strong>Deflektorhauben<\/strong>, <strong>Entrauchungskanal aus Stahlblech 600 \u00b0C<\/strong>, <strong>W\u00e4rmetauscher<\/strong>, <strong>Au\u00dfenluftkammern<\/strong> in vielen Materialien und l\u00f6sen <strong>Sonderkonstruktionen<\/strong>.<\/p>\n<h2>Neueste Technik f\u00fcr innovative L\u00f6sungen<\/h2>\n<p>Zur Umsetzung der DIN EN 1507 f\u00fcr h\u00f6chste Anforderungen an <strong>Stabilit\u00e4t und Dichtheit<\/strong> wurden auf dem Pr\u00fcfstand Versuche zur Optimierung der Lage und Anzahl von <strong>St\u00fctzrohren<\/strong> gefahren und die dabei gewonnenen Erkenntnisse in der betriebseigenen Fertigungssoftware hinterlegt. Die <strong>Kan\u00e4le<\/strong> wurden mehrfach unabh\u00e4ngig gepr\u00fcft und erf\u00fcllen stets die geforderten Werte. Unsere Kan\u00e4le z\u00e4hlen zu den stabilsten und dichtesten in der Branche.<\/p>\n<p>Um die Produktentwicklung und Innovationsst\u00e4rke kontinuierlich voranzutreiben, bestehen bereits seit 2008 enge <strong>Kooperationen<\/strong> mit der <strong>Firma Strulik<\/strong> auf dem Gebiet der Entrauchungskan\u00e4le.<\/p>\n<h2>Unternehmenspr\u00e4sentation<\/h2>\n<p>Zur Unternehmenspr\u00e4sentation von GSP L\u00fcftungstechnik geht es <a href=\"http:\/\/gsp-lueftungstechnik.de\/pdf\/broschuere-quadratisch_160425.pdf\">hier<\/a>.<\/p>\n<h2>Kontakt GSP L\u00fcftungstechnik GmbH<\/h2>\n<p>GSP L\u00fcftungstechnik GmbH<br \/>\nGewerbepark \u00ad Am Bahnhof 4<br \/>\n36456 Barchfeld-Immelborn<br \/>\nTelefon: 03695 5529-0<br \/>\nFax: 03695 5529-10<br \/>\nMail: <a href=\"info@gsp-lueftungstechnik.de\">info@gsp-lueftungstechnik.de<\/a><br \/>\nWeb: <a href=\"http:\/\/www.gsp-lueftungstechnik.de\">www.gsp-lueftungstechnik.de<\/a><\/p>\n","protected":false},"excerpt":{"rendered":"<p>GSP L\u00fcftungstechnik GmbH Als Unternehmen f\u00fcr intelligente L\u00fcftungs- und Klimatechnik ist die 1998 gegr\u00fcndete GSP L\u00fcftungstechnik GmbH Ihr kompetenter Partner zur Fertigung von Luftleitelementen und Zubeh\u00f6r f\u00fcr l\u00fcftungs- und klimatechnische Anlagen. Wir fertigen Kan\u00e4le und Formteile sowie Anschlussk\u00e4sten, Dachdurchf\u00fchrungen, Deflektorhauben,<\/p>\n","protected":false},"author":1,"featured_media":0,"parent":0,"menu_order":2,"comment_status":"closed","ping_status":"closed","template":"","meta":{"footnotes":""},"class_list":["post-131","page","type-page","status-publish","hentry"],"_links":{"self":[{"href":"http:\/\/www.hvegeler.de\/index.php?rest_route=\/wp\/v2\/pages\/131","targetHints":{"allow":["GET"]}}],"collection":[{"href":"http:\/\/www.hvegeler.de\/index.php?rest_route=\/wp\/v2\/pages"}],"about":[{"href":"http:\/\/www.hvegeler.de\/index.php?rest_route=\/wp\/v2\/types\/page"}],"author":[{"embeddable":true,"href":"http:\/\/www.hvegeler.de\/index.php?rest_route=\/wp\/v2\/users\/1"}],"replies":[{"embeddable":true,"href":"http:\/\/www.hvegeler.de\/index.php?rest_route=%2Fwp%2Fv2%2Fcomments&post=131"}],"version-history":[{"count":9,"href":"http:\/\/www.hvegeler.de\/index.php?rest_route=\/wp\/v2\/pages\/131\/revisions"}],"predecessor-version":[{"id":235,"href":"http:\/\/www.hvegeler.de\/index.php?rest_route=\/wp\/v2\/pages\/131\/revisions\/235"}],"wp:attachment":[{"href":"http:\/\/www.hvegeler.de\/index.php?rest_route=%2Fwp%2Fv2%2Fmedia&parent=131"}],"curies":[{"name":"wp","href":"https:\/\/api.w.org\/{rel}","templated":true}]}}