{"id":147,"date":"2017-08-19T20:39:32","date_gmt":"2017-08-19T20:39:32","guid":{"rendered":"http:\/\/www.hvegeler.de\/?page_id=147"},"modified":"2021-01-26T15:43:53","modified_gmt":"2021-01-26T15:43:53","slug":"impressum","status":"publish","type":"page","link":"http:\/\/www.hvegeler.de\/?page_id=147","title":{"rendered":"Impressum &#038; Datenschutz"},"content":{"rendered":"<h2>Impressum, Haftungshinweis und Datenschutz<\/h2>\n<p>Trotz sorgf\u00e4ltiger inhaltlicher Kontrolle \u00fcbernehmen wir keine Haftung f\u00fcr die Inhalte externer Links. F\u00fcr den Inhalt der verlinkten Seiten sind ausschlie\u00dflich deren Betreiber verantwortlich.<\/p>\n<p><strong>Industrievertretung CDH<\/strong><br \/>\n<strong> Ewald Egeler<\/strong><br \/>\nCharlottenh\u00f6he 2<br \/>\n74592 Kirchberg an der Jagst<\/p>\n<p>Tel.: 07954 &#8211; 92 64 373<br \/>\nFax: 07954 &#8211; 92 64 375<br \/>\nMobil: 0170 &#8211; 77 11 633<br \/>\nMail: <a href=\"mailto:ewald@hvegeler.de\">ewald@hvegeler.de<\/a><br \/>\nWeb: <a href=\"http:\/\/www.hvegeler.de\">www.hvegeler.de<\/a><\/p>\n<p>Umsatzsteuer-IdentNr.: DE 63184952026<\/p>\n<p>Inhaltlich Verantwortlicher gem\u00e4\u00df \u00a7 7 TMG (Telemediengesetz):<\/p>\n<p>Ewald Egeler<\/p>\n<p><strong>Copyright<\/strong><br \/>\nInhalt und Struktur der Seite Industrievertretung Ewald Egeler sind urheberrechtlich gesch\u00fctzt. Vervielf\u00e4ltigungen der hier ver\u00f6ffentlichten Inhalte und Grafiken bed\u00fcrfen der vorherigen Zustimmung von Industrievertretung Ewald Egeler.<\/p>\n<p><strong>Datenschutzerkl\u00e4rung der Handelsvertretung Ewald Egeler<\/strong><\/p>\n<p>\u00a7 1 Information \u00fcber die Erhebung personenbezogener Daten<\/p>\n<p>(1) Im Folgenden informieren wir \u00fcber die Erhebung personenbezogener Daten bei Nutzung unserer Website. Personenbezogene Daten sind alle Daten, die auf Sie pers\u00f6nlich beziehbar sind, z. B. Name, Adresse, E-Mail-Adressen, Nutzerverhalten.<\/p>\n<p>(2) Verantwortlicher gem. Art. 4 Abs. 7 EU-Datenschutz-Grundverordnung (DS-GVO) ist<\/p>\n<p><strong>Industrievertretung CDH<\/strong><br \/>\n<strong> Ewald Egeler<\/strong><br \/>\nCharlottenh\u00f6he 2<br \/>\n74592 Kirchberg an der Jagst<\/p>\n<p>Tel.: 07954 &#8211; 92 64 373<br \/>\nFax: 07954 &#8211; 92 64 375<br \/>\nMobil: 0170 &#8211; 77 11 633<br \/>\nMail: <a href=\"mailto:ewald@hvegeler.de\">ewald@hvegeler.de<\/a><br \/>\nWeb: <a href=\"http:\/\/www.hvegeler.de\">www.hvegeler.de<\/a><\/p>\n<p>(3) Bei Ihrer Kontaktaufnahme mit uns per E-Mail oder \u00fcber ein Kontaktformular werden die von Ihnen mitgeteilten Daten (Ihre E-Mail-Adresse, ggf. Ihr Name und Ihre Telefonnummer) von uns gespeichert, um Ihre Fragen zu beantworten. Die in diesem Zusammenhang anfallenden Daten l\u00f6schen wir, nachdem die Speicherung nicht mehr erforderlich ist, oder schr\u00e4nken die Verarbeitung ein, falls gesetzliche Aufbewahrungspflichten bestehen.<\/p>\n<p>(4) Falls wir f\u00fcr einzelne Funktionen unseres Angebots auf beauftragte Dienstleister zur\u00fcckgreifen oder Ihre Daten f\u00fcr werbliche Zwecke nutzen m\u00f6chten, werden wir Sie untenstehend im Detail \u00fcber die jeweiligen Vorg\u00e4nge informieren. Dabei nennen wir auch die festgelegten Kriterien der Speicherdauer.<\/p>\n<p>\u00a7 2 Ihre Rechte<\/p>\n<p>(1) Sie haben gegen\u00fcber uns folgende Rechte hinsichtlich der Sie betreffenden personenbezogenen Daten:<\/p>\n<p>\u2013 Recht auf Auskunft,<\/p>\n<p>\u2013 Recht auf Berichtigung oder L\u00f6schung,<\/p>\n<p>\u2013 Recht auf Einschr\u00e4nkung der Verarbeitung,<\/p>\n<p>\u2013 Recht auf Widerspruch gegen die Verarbeitung,<\/p>\n<p>\u2013 Recht auf Daten\u00fcbertragbarkeit.<\/p>\n<p>(2) Sie haben zudem das Recht, sich bei einer Datenschutz-Aufsichtsbeh\u00f6rde \u00fcber die Verarbeitung Ihrer personenbezogenen Daten durch uns zu beschweren.<\/p>\n<p>\u00a7 3 Erhebung personenbezogener Daten bei Besuch unserer Website<\/p>\n<p>(1) Bei der blo\u00df informatorischen Nutzung der Website, also wenn Sie sich nicht registrieren oder uns anderweitig Informationen \u00fcbermitteln, erheben wir nur die personenbezogenen Daten, die Ihr Browser an unseren Server \u00fcbermittelt. Wenn Sie unsere Website betrachten m\u00f6chten, erheben wir die folgenden Daten, die f\u00fcr uns technisch erforderlich sind, um Ihnen unsere Website anzuzeigen und die Stabilit\u00e4t und Sicherheit zu gew\u00e4hrleisten (Rechtsgrundlage ist Art. 6 Abs. 1 S. 1 lit. f DS-GVO):<\/p>\n<p>\u2013 IP-Adresse<\/p>\n<p>\u2013 Datum und Uhrzeit der Anfrage<\/p>\n<p>\u2013 Zeitzonendifferenz zur Greenwich Mean Time (GMT)<\/p>\n<p>\u2013 Inhalt der Anforderung (konkrete Seite)<\/p>\n<p>\u2013 Zugriffsstatus\/HTTP-Statuscode<\/p>\n<p>\u2013 jeweils \u00fcbertragene Datenmenge<\/p>\n<p>\u2013 Website, von der die Anforderung kommt<\/p>\n<p>\u2013 Browser<\/p>\n<p>\u2013 Betriebssystem und dessen Oberfl\u00e4che<\/p>\n<p>\u2013 Sprache und Version der Browsersoftware.<\/p>\n<p>(2) Zus\u00e4tzlich zu den zuvor genannten Daten werden bei Ihrer Nutzung unserer Website Cookies auf Ihrem Rechner gespeichert. Bei Cookies handelt es sich um kleine Textdateien, die auf Ihrer Festplatte dem von Ihnen verwendeten Browser zugeordnet gespeichert werden und durch welche der Stelle, die den Cookie setzt (hier durch uns), bestimmte Informationen zuflie\u00dfen. Cookies k\u00f6nnen keine Programme ausf\u00fchren oder Viren auf Ihren Computer \u00fcbertragen. Sie dienen dazu, das Internetangebot insgesamt nutzerfreundlicher und effektiver zu machen.<\/p>\n<p>(3) Einsatz von Cookies:<\/p>\n<p>a) Diese Website nutzt folgende Arten von Cookies, deren Umfang und Funktionsweise im Folgenden erl\u00e4utert werden:<\/p>\n<p>\u2013 Transiente Cookies (dazu b)<\/p>\n<p>\u2013 Persistente Cookies (dazu c).<\/p>\n<p>b) Transiente Cookies werden automatisiert gel\u00f6scht, wenn Sie den Browser schlie\u00dfen. Dazu z\u00e4hlen insbesondere die Session-Cookies. Diese speichern eine sogenannte Session-ID, mit welcher sich verschiedene Anfragen Ihres Browsers der gemeinsamen Sitzung zuordnen lassen. Dadurch kann Ihr Rechner wiedererkannt werden, wenn Sie auf unsere Website zur\u00fcckkehren. Die Session-Cookies werden gel\u00f6scht, wenn Sie sich ausloggen oder den Browser schlie\u00dfen.<\/p>\n<p>c) Persistente Cookies werden automatisiert nach einer vorgegebenen Dauer gel\u00f6scht, die sich je nach Cookie unterscheiden kann. Sie k\u00f6nnen die Cookies in den Sicherheitseinstellungen Ihres Browsers jederzeit l\u00f6schen.<\/p>\n<p>d) Sie k\u00f6nnen Ihre Browser-Einstellung entsprechend Ihren W\u00fcnschen konfigurieren und z. B. die Annahme von Third-Party-Cookies oder allen Cookies ablehnen. Wir weisen Sie darauf hin, dass Sie eventuell nicht alle Funktionen dieser Website nutzen k\u00f6nnen.<\/p>\n<p>e) Wir setzen Cookies ein, um Sie f\u00fcr Folgebesuche identifizieren zu k\u00f6nnen, falls Sie \u00fcber einen Account bei uns verf\u00fcgen. Andernfalls m\u00fcssten Sie sich f\u00fcr jeden Besuch erneut einloggen.<\/p>\n<p>f) Die genutzten Flash-Cookies werden nicht durch Ihren Browser erfasst, sondern durch Ihr Flash-Plug-in. Weiterhin nutzen wir HTML5 storage objects, die auf Ihrem Endger\u00e4t abgelegt werden. Diese Objekte speichern die erforderlichen Daten unabh\u00e4ngig von Ihrem verwendeten Browser und haben kein automatisches Ablaufdatum. Wenn Sie keine Verarbeitung der Flash-Cookies w\u00fcnschen, m\u00fcssen Sie ein entsprechendes Add-On installieren, z. B. \u201eBetter Privacy\u201c f\u00fcr Mozilla Firefox (https:\/\/addons.mozilla.org\/de\/firefox\/addon\/betterprivacy\/) oder das Adobe-Flash-Killer-Cookie f\u00fcr Google Chrome. Die Nutzung von HTML5 storage objects k\u00f6nnen Sie verhindern, indem Sie in Ihrem Browser den privaten Modus einsetzen. Zudem empfehlen wir, regelm\u00e4\u00dfig Ihre Cookies und den Browser-Verlauf manuell zu l\u00f6schen.<\/p>\n<p>\u00a7 4 Weitere Funktionen und Angebote unserer Website<\/p>\n<p>(1) Neben der rein informatorischen Nutzung unserer Website bieten wir verschiedene Leistungen an, die Sie bei Interesse nutzen k\u00f6nnen. Dazu m\u00fcssen Sie in der Regel weitere personenbezogene Daten angeben, die wir zur Erbringung der jeweiligen Leistung nutzen und f\u00fcr die die zuvor genannten Grunds\u00e4tze zur Datenverarbeitung gelten.<\/p>\n<p>(2) Teilweise bedienen wir uns zur Verarbeitung Ihrer Daten externer Dienstleister. Diese wurden von uns sorgf\u00e4ltig ausgew\u00e4hlt und beauftragt, sind an unsere Weisungen gebunden und werden regelm\u00e4\u00dfig kontrolliert.<\/p>\n<p>(3) Weiterhin k\u00f6nnen wir Ihre personenbezogenen Daten an Dritte weitergeben, wenn Aktionsteilnahmen, Vertragsabschl\u00fcsse oder \u00e4hnliche Leistungen von uns gemeinsam mit Partnern angeboten werden. N\u00e4here Informationen hierzu erhalten Sie bei Angabe Ihrer personenbezogenen Daten oder untenstehend in der Beschreibung des Angebotes.<\/p>\n<p>(4) Soweit unsere Dienstleister oder Partner ihren Sitz in einem Staat au\u00dferhalb des Europ\u00e4ischen Wirtschaftsraumen (EWR) haben, informieren wir Sie \u00fcber die Folgen dieses Umstands in der Beschreibung des Angebotes.<\/p>\n<p>\u00a7 5 Widerspruch oder Widerruf gegen die Verarbeitung Ihrer Daten<\/p>\n<p>(1) Falls Sie eine Einwilligung zur Verarbeitung Ihrer Daten erteilt haben, k\u00f6nnen Sie diese jederzeit widerrufen. Ein solcher Widerruf beeinflusst die Zul\u00e4ssigkeit der Verarbeitung Ihrer personenbezogenen Daten, nachdem Sie ihn gegen\u00fcber uns ausgesprochen haben.<\/p>\n<p>(2) Soweit wir die Verarbeitung Ihrer personenbezogenen Daten auf die Interessenabw\u00e4gung st\u00fctzen, k\u00f6nnen Sie Widerspruch gegen die Verarbeitung einlegen. Dies ist der Fall, wenn die Verarbeitung insbesondere nicht zur Erf\u00fcllung eines Vertrags mit Ihnen erforderlich ist, was von uns jeweils bei der nachfolgenden Beschreibung der Funktionen dargestellt wird. Bei Aus\u00fcbung eines solchen Widerspruchs bitten wir um Darlegung der Gr\u00fcnde, weshalb wir Ihre personenbezogenen Daten nicht wie von uns durchgef\u00fchrt verarbeiten sollten. Im Falle Ihres begr\u00fcndeten Widerspruchs pr\u00fcfen wir die Sachlage und werden entweder die Datenverarbeitung einstellen bzw. anpassen oder Ihnen unsere zwingenden schutzw\u00fcrdigen Gr\u00fcnde aufzeigen, aufgrund derer wir die Verarbeitung fortf\u00fchren.<\/p>\n<p>(3) Selbstverst\u00e4ndlich k\u00f6nnen Sie der Verarbeitung Ihrer personenbezogenen Daten f\u00fcr Zwecke der Werbung und Datenanalyse jederzeit widersprechen. \u00dcber Ihren Werbewiderspruch k\u00f6nnen Sie uns unter folgenden Kontaktdaten informieren:<\/p>\n<p><strong>Industrievertretung CDH<\/strong><br \/>\n<strong> Ewald Egeler<\/strong><br \/>\nCharlottenh\u00f6he 2<br \/>\n74592 Kirchberg an der Jagst<\/p>\n<p>Tel.: 07954 &#8211; 92 64 373<br \/>\nFax: 07954 &#8211; 92 64 375<br \/>\nMobil: 0170 &#8211; 77 11 633<br \/>\nMail: <a href=\"mailto:ewald@hvegeler.de\">ewald@hvegeler.de<\/a><\/p>\n<p>\u00a7 6 Kontaktm\u00f6glichkeit \u00fcber die Internetseite<\/p>\n<p>Die Internetseite der Industrievertretung Ewald Egeler enth\u00e4lt aufgrund von gesetzlichen Vorschriften Angaben, die eine schnelle elektronische Kontaktaufnahme zu unserem Unternehmen sowie eine unmittelbare Kommunikation mit uns erm\u00f6glichen, was ebenfalls eine allgemeine Adresse der sogenannten elektronischen Post (E-Mail-Adresse) umfasst. Sofern eine betroffene Person per E-Mail oder \u00fcber ein Kontaktformular den Kontakt mit dem f\u00fcr die Verarbeitung Verantwortlichen aufnimmt, werden die von der betroffenen Person \u00fcbermittelten personenbezogenen Daten automatisch gespeichert. Solche auf freiwilliger Basis von einer betroffenen Person an den f\u00fcr die Verarbeitung Verantwortlichen \u00fcbermittelten personenbezogenen Daten werden f\u00fcr Zwecke der Bearbeitung oder der Kontaktaufnahme zur betroffenen Person gespeichert. Es erfolgt keine Weitergabe dieser personenbezogenen Daten an Dritte.<\/p>\n<p>\u00a7 7 Bestehen einer automatisierten Entscheidungsfindung<\/p>\n<p>Wir verzichten auf eine automatische Entscheidungsfindung oder Profiling.<\/p>\n<p><em>Stand: 25.05.2018<\/em><\/p>\n","protected":false},"excerpt":{"rendered":"<p>Impressum, Haftungshinweis und Datenschutz Trotz sorgf\u00e4ltiger inhaltlicher Kontrolle \u00fcbernehmen wir keine Haftung f\u00fcr die Inhalte externer Links. F\u00fcr den Inhalt der verlinkten Seiten sind ausschlie\u00dflich deren Betreiber verantwortlich. Industrievertretung CDH Ewald Egeler Charlottenh\u00f6he 2 74592 Kirchberg an der Jagst Tel.:<\/p>\n","protected":false},"author":1,"featured_media":0,"parent":0,"menu_order":5,"comment_status":"closed","ping_status":"closed","template":"","meta":{"footnotes":""},"class_list":["post-147","page","type-page","status-publish","hentry"],"_links":{"self":[{"href":"http:\/\/www.hvegeler.de\/index.php?rest_route=\/wp\/v2\/pages\/147","targetHints":{"allow":["GET"]}}],"collection":[{"href":"http:\/\/www.hvegeler.de\/index.php?rest_route=\/wp\/v2\/pages"}],"about":[{"href":"http:\/\/www.hvegeler.de\/index.php?rest_route=\/wp\/v2\/types\/page"}],"author":[{"embeddable":true,"href":"http:\/\/www.hvegeler.de\/index.php?rest_route=\/wp\/v2\/users\/1"}],"replies":[{"embeddable":true,"href":"http:\/\/www.hvegeler.de\/index.php?rest_route=%2Fwp%2Fv2%2Fcomments&post=147"}],"version-history":[{"count":11,"href":"http:\/\/www.hvegeler.de\/index.php?rest_route=\/wp\/v2\/pages\/147\/revisions"}],"predecessor-version":[{"id":150,"href":"http:\/\/www.hvegeler.de\/index.php?rest_route=\/wp\/v2\/pages\/147\/revisions\/150"}],"wp:attachment":[{"href":"http:\/\/www.hvegeler.de\/index.php?rest_route=%2Fwp%2Fv2%2Fmedia&parent=147"}],"curies":[{"name":"wp","href":"https:\/\/api.w.org\/{rel}","templated":true}]}}