{"id":269,"date":"2025-07-11T12:20:25","date_gmt":"2025-07-11T12:20:25","guid":{"rendered":"http:\/\/www.hvegeler.de\/?page_id=269"},"modified":"2025-07-11T18:53:28","modified_gmt":"2025-07-11T18:53:28","slug":"ivs-gmbh-hilden","status":"publish","type":"page","link":"http:\/\/www.hvegeler.de\/?page_id=269","title":{"rendered":"IVS GmbH Hilden"},"content":{"rendered":"\n<figure class=\"wp-block-image size-full\"><img loading=\"lazy\" decoding=\"async\" width=\"293\" height=\"96\" src=\"http:\/\/www.hvegeler.de\/wp-content\/uploads\/2025\/07\/image-1.png\" alt=\"\" class=\"wp-image-270\"\/><\/figure>\n\n\n\n<p>Die IVS GmbH wurde am 01.April 1992 von Dipl.-Ing. Hans J\u00fcrgen Schmeis in Hilden gegr\u00fcndet. <\/p>\n\n\n\n<p>Heute besch\u00e4ftigt sich die IVS weiterhin vorrangig mit Kanalrauchmelder, Eckschutz und Klappenverstellung. Das weitere Programm der Handelsvertretung umfasst die Heizungs-, L\u00fcftungs-, Klima- und Regeltechnik mit ihren Komponenten und Systemen bedeutender Hersteller von Antrieben bis hin zu Zwischenflanschklappen.<\/p>\n\n\n\n<p><strong>Kontakt:<\/strong><\/p>\n\n\n\n<p><strong>IVS Ingenieur-Vertriebs-B\u00fcro GmbH<\/strong><br>An der Gabelung 6<br>40721 Hilden<br>info@ivs-schmeis.de<br>02103 78926-0<br>02103 78926-99<\/p>\n","protected":false},"excerpt":{"rendered":"<p>Die IVS GmbH wurde am 01.April 1992 von Dipl.-Ing. Hans J\u00fcrgen Schmeis in Hilden gegr\u00fcndet. Heute besch\u00e4ftigt sich die IVS weiterhin vorrangig mit Kanalrauchmelder, Eckschutz und Klappenverstellung. Das weitere Programm der Handelsvertretung umfasst die Heizungs-, L\u00fcftungs-, Klima- und Regeltechnik mit<\/p>\n","protected":false},"author":1,"featured_media":0,"parent":0,"menu_order":0,"comment_status":"closed","ping_status":"closed","template":"","meta":{"footnotes":""},"class_list":["post-269","page","type-page","status-publish","hentry"],"_links":{"self":[{"href":"http:\/\/www.hvegeler.de\/index.php?rest_route=\/wp\/v2\/pages\/269","targetHints":{"allow":["GET"]}}],"collection":[{"href":"http:\/\/www.hvegeler.de\/index.php?rest_route=\/wp\/v2\/pages"}],"about":[{"href":"http:\/\/www.hvegeler.de\/index.php?rest_route=\/wp\/v2\/types\/page"}],"author":[{"embeddable":true,"href":"http:\/\/www.hvegeler.de\/index.php?rest_route=\/wp\/v2\/users\/1"}],"replies":[{"embeddable":true,"href":"http:\/\/www.hvegeler.de\/index.php?rest_route=%2Fwp%2Fv2%2Fcomments&post=269"}],"version-history":[{"count":3,"href":"http:\/\/www.hvegeler.de\/index.php?rest_route=\/wp\/v2\/pages\/269\/revisions"}],"predecessor-version":[{"id":274,"href":"http:\/\/www.hvegeler.de\/index.php?rest_route=\/wp\/v2\/pages\/269\/revisions\/274"}],"wp:attachment":[{"href":"http:\/\/www.hvegeler.de\/index.php?rest_route=%2Fwp%2Fv2%2Fmedia&parent=269"}],"curies":[{"name":"wp","href":"https:\/\/api.w.org\/{rel}","templated":true}]}}